{"id":1072,"date":"2023-09-18T21:05:57","date_gmt":"2023-09-18T21:05:57","guid":{"rendered":"https:\/\/calendarioromagnolo.it\/?post_type=product&#038;p=1072"},"modified":"2026-01-31T11:00:33","modified_gmt":"2026-01-31T11:00:33","slug":"calendario-2024-dei-modi-di-dire-in-dialetto-romagnolo-azienda","status":"publish","type":"product","link":"https:\/\/calendarioromagnolo.it\/index.php\/prodotto\/calendario-2024-dei-modi-di-dire-in-dialetto-romagnolo-azienda\/","title":{"rendered":"Calendario 2026 dei modi di dire in dialetto romagnolo per la tua azienda"},"content":{"rendered":"","protected":false},"excerpt":{"rendered":"<p>Non solo detti ma sentenze, avvertimenti, esclamazioni e vocaboli fanno parte di questa nuova raccolta. Queste espressioni in dialetto romagnolo, antiche e moderne, abbracciano vari argomenti. Si va dalla saggezza contadina alla metereologia. Dal lavoro al denaro. Dai rapporti umani ai vizi e alle virt\u00f9. Si tratta di un calendario che dovr\u00e0 essere scoperto giornalmente, senza fretta, dove lo stacco di ogni foglio potr\u00e0 far sorridere o riflettere.<\/p>\n<p>&nbsp;<\/p>\n<p><em>Realizzato in collaborazione con Associazione \u201cIstituto Friedrich Sch\u00fcrr aps\u201d per la valorizzazione del patrimonio dialettale romagnolo<\/em><br \/>\n<em><strong>Un particolare ringraziamento a Roberto Gentilini per tutto il lavoro svolto di ricerche e stesure dei testi<\/strong><\/em>.<\/p>\n<p>&nbsp;<\/p>\n<ul>\n<li>formato calendario 10&#215;15 cm<\/li>\n<li>compreso\u00a0 supporto da tavolo formato 10&#215;25,5 cm<\/li>\n<li>adesivo cm. 9 x cm. 4 personalizzato con il tuo logo aziendale<\/li>\n<\/ul>\n<p>&nbsp;<\/p>\n<p><em>impaginato cos\u00ec: <\/em><br \/>\nMODO DI DIRE<br \/>\nTRADUZIONE IN ITALIANO<br \/>\nSPIEGAZIONE<br \/>\nVIDEO IN DIALETTO ROMAGNOLO (alcune pagine)<\/p>\n<p>&nbsp;<\/p>\n<p><strong>Idea regalo<\/strong><\/p>\n<p>Ideale come <strong>regalo aziendale<\/strong>, <strong>personalizzabile con il tuo logo<\/strong>, per accompagnare tutto l\u2019anno i tuoi <strong>clienti<\/strong> o <strong>fornitori<\/strong>.<\/p>\n<p>&nbsp;<\/p>\n<p><em>minimo ordine 10 pz ad un prezzo speciale di 16,90 euro cad. iva compresa<\/em><\/p>\n<p>&nbsp;<\/p>\n<p>&nbsp;<\/p>\n","protected":false},"featured_media":1244,"comment_status":"open","ping_status":"closed","template":"","meta":[],"product_cat":[21],"product_tag":[23],"yoast_head":"<!-- This site is optimized with the Yoast SEO plugin v23.5 - https:\/\/yoast.com\/wordpress\/plugins\/seo\/ -->\n<title>Calendario romagnolo in dialetto romagnolo Il Pataca<\/title>\n<meta name=\"description\" content=\"Calendario dei detti e modi di dire in dialetto romagnolo. Un calendario che dovr\u00e0 essere scoperto giornalmente, ogni foglio ti far\u00e0 sorridere o riflettere\" \/>\n<meta name=\"robots\" content=\"index, follow, max-snippet:-1, max-image-preview:large, max-video-preview:-1\" \/>\n<link rel=\"canonical\" href=\"https:\/\/calendarioromagnolo.it\/index.php\/prodotto\/calendario-2024-dei-modi-di-dire-in-dialetto-romagnolo-azienda\/\" \/>\n<meta property=\"og:locale\" content=\"it_IT\" \/>\n<meta property=\"og:type\" content=\"article\" \/>\n<meta property=\"og:title\" content=\"Calendario romagnolo in dialetto romagnolo Il Pataca\" \/>\n<meta property=\"og:description\" content=\"Calendario dei detti e modi di dire in dialetto romagnolo. Un calendario che dovr\u00e0 essere scoperto giornalmente, ogni foglio ti far\u00e0 sorridere o riflettere\" \/>\n<meta property=\"og:url\" content=\"https:\/\/calendarioromagnolo.it\/index.php\/prodotto\/calendario-2024-dei-modi-di-dire-in-dialetto-romagnolo-azienda\/\" \/>\n<meta property=\"og:site_name\" content=\"Calendario Romagnolo\" \/>\n<meta property=\"article:modified_time\" content=\"2026-01-31T11:00:33+00:00\" \/>\n<meta property=\"og:image\" content=\"https:\/\/calendarioromagnolo.it\/wp-content\/uploads\/2025\/09\/calendario_2026_azienda.jpg\" \/>\n\t<meta property=\"og:image:width\" content=\"900\" \/>\n\t<meta property=\"og:image:height\" content=\"1200\" \/>\n\t<meta property=\"og:image:type\" content=\"image\/jpeg\" \/>\n<meta name=\"twitter:card\" content=\"summary_large_image\" \/>\n<script type=\"application\/ld+json\" class=\"yoast-schema-graph\">{\"@context\":\"https:\/\/schema.org\",\"@graph\":[{\"@type\":\"WebPage\",\"@id\":\"https:\/\/calendarioromagnolo.it\/index.php\/prodotto\/calendario-2024-dei-modi-di-dire-in-dialetto-romagnolo-azienda\/\",\"url\":\"https:\/\/calendarioromagnolo.it\/index.php\/prodotto\/calendario-2024-dei-modi-di-dire-in-dialetto-romagnolo-azienda\/\",\"name\":\"Calendario romagnolo in dialetto romagnolo Il Pataca\",\"isPartOf\":{\"@id\":\"https:\/\/calendarioromagnolo.it\/#website\"},\"primaryImageOfPage\":{\"@id\":\"https:\/\/calendarioromagnolo.it\/index.php\/prodotto\/calendario-2024-dei-modi-di-dire-in-dialetto-romagnolo-azienda\/#primaryimage\"},\"image\":{\"@id\":\"https:\/\/calendarioromagnolo.it\/index.php\/prodotto\/calendario-2024-dei-modi-di-dire-in-dialetto-romagnolo-azienda\/#primaryimage\"},\"thumbnailUrl\":\"https:\/\/calendarioromagnolo.it\/wp-content\/uploads\/2025\/09\/calendario_2026_azienda.jpg\",\"datePublished\":\"2023-09-18T21:05:57+00:00\",\"dateModified\":\"2026-01-31T11:00:33+00:00\",\"description\":\"Calendario dei detti e modi di dire in dialetto romagnolo. Un calendario che dovr\u00e0 essere scoperto giornalmente, ogni foglio ti far\u00e0 sorridere o riflettere\",\"breadcrumb\":{\"@id\":\"https:\/\/calendarioromagnolo.it\/index.php\/prodotto\/calendario-2024-dei-modi-di-dire-in-dialetto-romagnolo-azienda\/#breadcrumb\"},\"inLanguage\":\"it-IT\",\"potentialAction\":[{\"@type\":\"ReadAction\",\"target\":[\"https:\/\/calendarioromagnolo.it\/index.php\/prodotto\/calendario-2024-dei-modi-di-dire-in-dialetto-romagnolo-azienda\/\"]}]},{\"@type\":\"ImageObject\",\"inLanguage\":\"it-IT\",\"@id\":\"https:\/\/calendarioromagnolo.it\/index.php\/prodotto\/calendario-2024-dei-modi-di-dire-in-dialetto-romagnolo-azienda\/#primaryimage\",\"url\":\"https:\/\/calendarioromagnolo.it\/wp-content\/uploads\/2025\/09\/calendario_2026_azienda.jpg\",\"contentUrl\":\"https:\/\/calendarioromagnolo.it\/wp-content\/uploads\/2025\/09\/calendario_2026_azienda.jpg\",\"width\":900,\"height\":1200},{\"@type\":\"BreadcrumbList\",\"@id\":\"https:\/\/calendarioromagnolo.it\/index.php\/prodotto\/calendario-2024-dei-modi-di-dire-in-dialetto-romagnolo-azienda\/#breadcrumb\",\"itemListElement\":[{\"@type\":\"ListItem\",\"position\":1,\"name\":\"Home\",\"item\":\"https:\/\/calendarioromagnolo.it\/\"},{\"@type\":\"ListItem\",\"position\":2,\"name\":\"Shop\",\"item\":\"https:\/\/calendarioromagnolo.it\/index.php\/366-detti-e-modi-di-dire-in-dialetto-romagnolo\/\"},{\"@type\":\"ListItem\",\"position\":3,\"name\":\"Calendario 2026 dei modi di dire in dialetto romagnolo per la tua azienda\"}]},{\"@type\":\"WebSite\",\"@id\":\"https:\/\/calendarioromagnolo.it\/#website\",\"url\":\"https:\/\/calendarioromagnolo.it\/\",\"name\":\"Calendario Romagnolo\",\"description\":\"Calendario romagnolo, detti e modi di dire in dialetto romagnolo il Pataca\",\"publisher\":{\"@id\":\"https:\/\/calendarioromagnolo.it\/#organization\"},\"alternateName\":\"Calendario romagnolo, detti e modi di dire in dialetto romagnolo il Pataca\",\"potentialAction\":[{\"@type\":\"SearchAction\",\"target\":{\"@type\":\"EntryPoint\",\"urlTemplate\":\"https:\/\/calendarioromagnolo.it\/?s={search_term_string}\"},\"query-input\":{\"@type\":\"PropertyValueSpecification\",\"valueRequired\":true,\"valueName\":\"search_term_string\"}}],\"inLanguage\":\"it-IT\"},{\"@type\":\"Organization\",\"@id\":\"https:\/\/calendarioromagnolo.it\/#organization\",\"name\":\"Calendario Romagnolo\",\"alternateName\":\"Calendario romagnolo, detti e modi di dire in dialetto romagnolo il Pataca\",\"url\":\"https:\/\/calendarioromagnolo.it\/\",\"logo\":{\"@type\":\"ImageObject\",\"inLanguage\":\"it-IT\",\"@id\":\"https:\/\/calendarioromagnolo.it\/#\/schema\/logo\/image\/\",\"url\":\"https:\/\/calendarioromagnolo.it\/wp-content\/uploads\/2023\/05\/cropped-logo_pataca.png\",\"contentUrl\":\"https:\/\/calendarioromagnolo.it\/wp-content\/uploads\/2023\/05\/cropped-logo_pataca.png\",\"width\":421,\"height\":420,\"caption\":\"Calendario Romagnolo\"},\"image\":{\"@id\":\"https:\/\/calendarioromagnolo.it\/#\/schema\/logo\/image\/\"}}]}<\/script>\n<!-- \/ Yoast SEO plugin. -->","yoast_head_json":{"title":"Calendario romagnolo in dialetto romagnolo Il Pataca","description":"Calendario dei detti e modi di dire in dialetto romagnolo. Un calendario che dovr\u00e0 essere scoperto giornalmente, ogni foglio ti far\u00e0 sorridere o riflettere","robots":{"index":"index","follow":"follow","max-snippet":"max-snippet:-1","max-image-preview":"max-image-preview:large","max-video-preview":"max-video-preview:-1"},"canonical":"https:\/\/calendarioromagnolo.it\/index.php\/prodotto\/calendario-2024-dei-modi-di-dire-in-dialetto-romagnolo-azienda\/","og_locale":"it_IT","og_type":"article","og_title":"Calendario romagnolo in dialetto romagnolo Il Pataca","og_description":"Calendario dei detti e modi di dire in dialetto romagnolo. Un calendario che dovr\u00e0 essere scoperto giornalmente, ogni foglio ti far\u00e0 sorridere o riflettere","og_url":"https:\/\/calendarioromagnolo.it\/index.php\/prodotto\/calendario-2024-dei-modi-di-dire-in-dialetto-romagnolo-azienda\/","og_site_name":"Calendario Romagnolo","article_modified_time":"2026-01-31T11:00:33+00:00","og_image":[{"width":900,"height":1200,"url":"https:\/\/calendarioromagnolo.it\/wp-content\/uploads\/2025\/09\/calendario_2026_azienda.jpg","type":"image\/jpeg"}],"twitter_card":"summary_large_image","schema":{"@context":"https:\/\/schema.org","@graph":[{"@type":"WebPage","@id":"https:\/\/calendarioromagnolo.it\/index.php\/prodotto\/calendario-2024-dei-modi-di-dire-in-dialetto-romagnolo-azienda\/","url":"https:\/\/calendarioromagnolo.it\/index.php\/prodotto\/calendario-2024-dei-modi-di-dire-in-dialetto-romagnolo-azienda\/","name":"Calendario romagnolo in dialetto romagnolo Il Pataca","isPartOf":{"@id":"https:\/\/calendarioromagnolo.it\/#website"},"primaryImageOfPage":{"@id":"https:\/\/calendarioromagnolo.it\/index.php\/prodotto\/calendario-2024-dei-modi-di-dire-in-dialetto-romagnolo-azienda\/#primaryimage"},"image":{"@id":"https:\/\/calendarioromagnolo.it\/index.php\/prodotto\/calendario-2024-dei-modi-di-dire-in-dialetto-romagnolo-azienda\/#primaryimage"},"thumbnailUrl":"https:\/\/calendarioromagnolo.it\/wp-content\/uploads\/2025\/09\/calendario_2026_azienda.jpg","datePublished":"2023-09-18T21:05:57+00:00","dateModified":"2026-01-31T11:00:33+00:00","description":"Calendario dei detti e modi di dire in dialetto romagnolo. Un calendario che dovr\u00e0 essere scoperto giornalmente, ogni foglio ti far\u00e0 sorridere o riflettere","breadcrumb":{"@id":"https:\/\/calendarioromagnolo.it\/index.php\/prodotto\/calendario-2024-dei-modi-di-dire-in-dialetto-romagnolo-azienda\/#breadcrumb"},"inLanguage":"it-IT","potentialAction":[{"@type":"ReadAction","target":["https:\/\/calendarioromagnolo.it\/index.php\/prodotto\/calendario-2024-dei-modi-di-dire-in-dialetto-romagnolo-azienda\/"]}]},{"@type":"ImageObject","inLanguage":"it-IT","@id":"https:\/\/calendarioromagnolo.it\/index.php\/prodotto\/calendario-2024-dei-modi-di-dire-in-dialetto-romagnolo-azienda\/#primaryimage","url":"https:\/\/calendarioromagnolo.it\/wp-content\/uploads\/2025\/09\/calendario_2026_azienda.jpg","contentUrl":"https:\/\/calendarioromagnolo.it\/wp-content\/uploads\/2025\/09\/calendario_2026_azienda.jpg","width":900,"height":1200},{"@type":"BreadcrumbList","@id":"https:\/\/calendarioromagnolo.it\/index.php\/prodotto\/calendario-2024-dei-modi-di-dire-in-dialetto-romagnolo-azienda\/#breadcrumb","itemListElement":[{"@type":"ListItem","position":1,"name":"Home","item":"https:\/\/calendarioromagnolo.it\/"},{"@type":"ListItem","position":2,"name":"Shop","item":"https:\/\/calendarioromagnolo.it\/index.php\/366-detti-e-modi-di-dire-in-dialetto-romagnolo\/"},{"@type":"ListItem","position":3,"name":"Calendario 2026 dei modi di dire in dialetto romagnolo per la tua azienda"}]},{"@type":"WebSite","@id":"https:\/\/calendarioromagnolo.it\/#website","url":"https:\/\/calendarioromagnolo.it\/","name":"Calendario Romagnolo","description":"Calendario romagnolo, detti e modi di dire in dialetto romagnolo il Pataca","publisher":{"@id":"https:\/\/calendarioromagnolo.it\/#organization"},"alternateName":"Calendario romagnolo, detti e modi di dire in dialetto romagnolo il Pataca","potentialAction":[{"@type":"SearchAction","target":{"@type":"EntryPoint","urlTemplate":"https:\/\/calendarioromagnolo.it\/?s={search_term_string}"},"query-input":{"@type":"PropertyValueSpecification","valueRequired":true,"valueName":"search_term_string"}}],"inLanguage":"it-IT"},{"@type":"Organization","@id":"https:\/\/calendarioromagnolo.it\/#organization","name":"Calendario Romagnolo","alternateName":"Calendario romagnolo, detti e modi di dire in dialetto romagnolo il Pataca","url":"https:\/\/calendarioromagnolo.it\/","logo":{"@type":"ImageObject","inLanguage":"it-IT","@id":"https:\/\/calendarioromagnolo.it\/#\/schema\/logo\/image\/","url":"https:\/\/calendarioromagnolo.it\/wp-content\/uploads\/2023\/05\/cropped-logo_pataca.png","contentUrl":"https:\/\/calendarioromagnolo.it\/wp-content\/uploads\/2023\/05\/cropped-logo_pataca.png","width":421,"height":420,"caption":"Calendario Romagnolo"},"image":{"@id":"https:\/\/calendarioromagnolo.it\/#\/schema\/logo\/image\/"}}]}},"_links":{"self":[{"href":"https:\/\/calendarioromagnolo.it\/index.php\/wp-json\/wp\/v2\/product\/1072"}],"collection":[{"href":"https:\/\/calendarioromagnolo.it\/index.php\/wp-json\/wp\/v2\/product"}],"about":[{"href":"https:\/\/calendarioromagnolo.it\/index.php\/wp-json\/wp\/v2\/types\/product"}],"replies":[{"embeddable":true,"href":"https:\/\/calendarioromagnolo.it\/index.php\/wp-json\/wp\/v2\/comments?post=1072"}],"wp:featuredmedia":[{"embeddable":true,"href":"https:\/\/calendarioromagnolo.it\/index.php\/wp-json\/wp\/v2\/media\/1244"}],"wp:attachment":[{"href":"https:\/\/calendarioromagnolo.it\/index.php\/wp-json\/wp\/v2\/media?parent=1072"}],"wp:term":[{"taxonomy":"product_cat","embeddable":true,"href":"https:\/\/calendarioromagnolo.it\/index.php\/wp-json\/wp\/v2\/product_cat?post=1072"},{"taxonomy":"product_tag","embeddable":true,"href":"https:\/\/calendarioromagnolo.it\/index.php\/wp-json\/wp\/v2\/product_tag?post=1072"}],"curies":[{"name":"wp","href":"https:\/\/api.w.org\/{rel}","templated":true}]}}